{"id":8302,"date":"2023-11-04T17:19:30","date_gmt":"2023-11-04T13:19:30","guid":{"rendered":"https:\/\/htkinternational.com\/?post_type=product&#038;p=8302"},"modified":"2023-11-04T17:19:30","modified_gmt":"2023-11-04T13:19:30","slug":"knx-rf-motion-detector-for-ceiling-mounting-868-mhz","status":"publish","type":"product","link":"https:\/\/htkinternational.com\/ar\/knx-rf-motion-detector-for-ceiling-mounting-868-mhz\/","title":{"rendered":"KNX RF motion detector for ceiling mounting (868 MHz) Made by Zennio Spain"},"content":{"rendered":"<ul>\n<li>KNX RF (RF1.R @ 868.3 MHz) device for motion detection<\/li>\n<li>Tamper contact with parameterizable sendings<\/li>\n<li>Motion detection through PIR technology<\/li>\n<li>HVAC-control dedicated detection<\/li>\n<li>Detection range of up to 360\u00ba \u00d8 6 m<\/li>\n<li>Low-battery warning functionality<\/li>\n<li>External dimensions: \u00d8 58 x 41 mm<\/li>\n<li>Internal dimensions: \u00d83 x 41 mm<\/li>\n<li>Cutting diameter (hole saw blade): \u00d8 51 mm<\/li>\n<li>False-ceiling flush-mounted<\/li>\n<li>Conformity with the CE, UKCA, RCM directives<\/li>\n<\/ul>\n","protected":false},"excerpt":{"rendered":"<p>KNX RF (RF1.R @ 868.3 MHz) device for motion detection Tamper contact with parameterizable sendings Motion detection through PIR technology HVAC-control dedicated detection Detection range of up to 360\u00ba \u00d8 6 m Low-battery warning functionality External dimensions: \u00d8 58 x 41 mm Internal dimensions: \u00d83 x 41 mm Cutting diameter (hole saw blade): \u00d8 51 [&hellip;]<\/p>\n","protected":false},"featured_media":8305,"comment_status":"open","ping_status":"closed","template":"","meta":[],"product_brand":[],"product_cat":[323],"product_tag":[],"class_list":{"0":"post-8302","1":"product","2":"type-product","3":"status-publish","4":"has-post-thumbnail","6":"product_cat-knx-sensors","8":"first","9":"instock","10":"shipping-taxable","11":"product-type-simple"},"_links":{"self":[{"href":"https:\/\/htkinternational.com\/ar\/wp-json\/wp\/v2\/product\/8302","targetHints":{"allow":["GET"]}}],"collection":[{"href":"https:\/\/htkinternational.com\/ar\/wp-json\/wp\/v2\/product"}],"about":[{"href":"https:\/\/htkinternational.com\/ar\/wp-json\/wp\/v2\/types\/product"}],"replies":[{"embeddable":true,"href":"https:\/\/htkinternational.com\/ar\/wp-json\/wp\/v2\/comments?post=8302"}],"wp:featuredmedia":[{"embeddable":true,"href":"https:\/\/htkinternational.com\/ar\/wp-json\/wp\/v2\/media\/8305"}],"wp:attachment":[{"href":"https:\/\/htkinternational.com\/ar\/wp-json\/wp\/v2\/media?parent=8302"}],"wp:term":[{"taxonomy":"product_brand","embeddable":true,"href":"https:\/\/htkinternational.com\/ar\/wp-json\/wp\/v2\/product_brand?post=8302"},{"taxonomy":"product_cat","embeddable":true,"href":"https:\/\/htkinternational.com\/ar\/wp-json\/wp\/v2\/product_cat?post=8302"},{"taxonomy":"product_tag","embeddable":true,"href":"https:\/\/htkinternational.com\/ar\/wp-json\/wp\/v2\/product_tag?post=8302"}],"curies":[{"name":"wp","href":"https:\/\/api.w.org\/{rel}","templated":true}]}}