{"id":8297,"date":"2023-11-04T17:13:16","date_gmt":"2023-11-04T13:13:16","guid":{"rendered":"https:\/\/htkinternational.com\/?post_type=product&#038;p=8297"},"modified":"2023-11-04T17:13:16","modified_gmt":"2023-11-04T13:13:16","slug":"motion-detector-with-luminosity-sensor-for-ceiling-mounting","status":"publish","type":"product","link":"https:\/\/htkinternational.com\/ar\/motion-detector-with-luminosity-sensor-for-ceiling-mounting\/","title":{"rendered":"Motion detector with luminosity sensor for ceiling mounting Made by Zennio Spain"},"content":{"rendered":"<ul>\n<li>Motion detection through PIR technology<\/li>\n<li>Supported by Zennio devices with built-in inputs<\/li>\n<li>Detection range of up to 360\u00ba \u00d8 6 m<\/li>\n<li>Lighting level sensor with human eye spectral sensitivity<\/li>\n<li>External dimensions: \u00d8 58 x 41 mm<\/li>\n<li>Internal dimensions: \u00d83 x 41 mm<\/li>\n<li>Cutting diameter (hole saw blade): \u00d8 51 mm<\/li>\n<li>False-ceiling flush-mounted<\/li>\n<li>Conformity with the CE, UKCA, RCM directives<\/li>\n<\/ul>\n","protected":false},"excerpt":{"rendered":"<p>Motion detection through PIR technology Supported by Zennio devices with built-in inputs Detection range of up to 360\u00ba \u00d8 6 m Lighting level sensor with human eye spectral sensitivity External dimensions: \u00d8 58 x 41 mm Internal dimensions: \u00d83 x 41 mm Cutting diameter (hole saw blade): \u00d8 51 mm False-ceiling flush-mounted Conformity with the [&hellip;]<\/p>\n","protected":false},"featured_media":8298,"comment_status":"open","ping_status":"closed","template":"","meta":[],"product_brand":[],"product_cat":[323],"product_tag":[],"class_list":{"0":"post-8297","1":"product","2":"type-product","3":"status-publish","4":"has-post-thumbnail","6":"product_cat-knx-sensors","8":"first","9":"instock","10":"shipping-taxable","11":"product-type-simple"},"_links":{"self":[{"href":"https:\/\/htkinternational.com\/ar\/wp-json\/wp\/v2\/product\/8297","targetHints":{"allow":["GET"]}}],"collection":[{"href":"https:\/\/htkinternational.com\/ar\/wp-json\/wp\/v2\/product"}],"about":[{"href":"https:\/\/htkinternational.com\/ar\/wp-json\/wp\/v2\/types\/product"}],"replies":[{"embeddable":true,"href":"https:\/\/htkinternational.com\/ar\/wp-json\/wp\/v2\/comments?post=8297"}],"wp:featuredmedia":[{"embeddable":true,"href":"https:\/\/htkinternational.com\/ar\/wp-json\/wp\/v2\/media\/8298"}],"wp:attachment":[{"href":"https:\/\/htkinternational.com\/ar\/wp-json\/wp\/v2\/media?parent=8297"}],"wp:term":[{"taxonomy":"product_brand","embeddable":true,"href":"https:\/\/htkinternational.com\/ar\/wp-json\/wp\/v2\/product_brand?post=8297"},{"taxonomy":"product_cat","embeddable":true,"href":"https:\/\/htkinternational.com\/ar\/wp-json\/wp\/v2\/product_cat?post=8297"},{"taxonomy":"product_tag","embeddable":true,"href":"https:\/\/htkinternational.com\/ar\/wp-json\/wp\/v2\/product_tag?post=8297"}],"curies":[{"name":"wp","href":"https:\/\/api.w.org\/{rel}","templated":true}]}}